{"id":135,"date":"2025-10-27T13:12:56","date_gmt":"2025-10-27T13:12:56","guid":{"rendered":"https:\/\/jobs.sephorconsulting.es\/ukschool\/?page_id=135"},"modified":"2025-12-02T12:30:53","modified_gmt":"2025-12-02T12:30:53","slug":"the-academy","status":"publish","type":"page","link":"https:\/\/ukschool.es\/index.php\/the-academy\/","title":{"rendered":"The Academy"},"content":{"rendered":"\n<div class=\"wp-block-uagb-container uagb-block-cbcf26e0 alignfull uagb-is-root-container\"><div class=\"uagb-container-inner-blocks-wrap\">\n<div class=\"wp-block-uagb-advanced-heading uagb-block-709eca5d\"><h2 class=\"uagb-heading-text\">THE ACADEMY<\/h2><p class=\"uagb-desc-text\"><strong>UK SCHOOL. Un nombre. Dos escuelas. M\u00e1s de 600 alumnos presenciales<\/strong><\/p><\/div>\n<\/div><\/div>\n\n\n\n<div class=\"wp-block-uagb-container uagb-block-d75bb5af alignfull uagb-is-root-container\"><div class=\"uagb-container-inner-blocks-wrap\">\n<div class=\"wp-block-uagb-container uagb-block-fb4b88fb\">\n<div class=\"wp-block-uagb-advanced-heading uagb-block-804a11b2\"><h2 class=\"uagb-heading-text\">\u00bfQui\u00e9nes somos?<\/h2><\/div>\n\n\n\n<p>En <strong>UK School<\/strong> creemos que aprender ingl\u00e9s es mucho m\u00e1s que memorizar vocabulario o aprobar un examen. Es un proceso de integraci\u00f3n, de confianza, de evoluci\u00f3n personal.<\/p>\n\n\n\n<p>Somos <strong>una escuela independiente<\/strong>, <strong>centro oficial preparador de Cambridge<\/strong> y, sobre todo, <strong>un lugar vivo<\/strong>, donde los cambios, las metas y el aprendizaje est\u00e1n siempre presentes.<\/p>\n\n\n\n<p>En nuestras dos escuelas formamos una gran comunidad con m\u00e1s de <strong>600 alumnos presenciales<\/strong> y <strong>m\u00e1s de 10 a\u00f1os de experiencia<\/strong> preparando estudiantes de todas las edades, desde los <strong>3 hasta los 100 a\u00f1os<\/strong>.<\/p>\n\n\n\n<p>Porque aqu\u00ed no solo ense\u00f1amos ingl\u00e9s: <strong>te acompa\u00f1amos a hacerlo tuyo<\/strong>, a pensar, sentir y vivir en ingl\u00e9s.<\/p>\n\n\n\n<div class=\"wp-block-uagb-buttons uagb-buttons__outer-wrap uagb-btn__default-btn uagb-btn-tablet__default-btn uagb-btn-mobile__default-btn uagb-block-f1ce374e\"><div class=\"uagb-buttons__wrap uagb-buttons-layout-wrap \">\n<div class=\"wp-block-uagb-buttons-child uagb-buttons__outer-wrap uagb-block-4da69c44 wp-block-button\"><div class=\"uagb-button__wrapper\"><a class=\"uagb-buttons-repeater wp-block-button__link\" aria-label=\"\" href=\"#\" rel=\"follow noopener\" target=\"_self\" role=\"button\"><div class=\"uagb-button__link\">Conoce nuestro m\u00e9todo<\/div><\/a><\/div><\/div>\n<\/div><\/div>\n<\/div>\n\n\n\n<div class=\"wp-block-uagb-container uagb-block-587dc8e7\"><\/div>\n<\/div><\/div>\n\n\n\n<div class=\"wp-block-uagb-container uagb-block-afeb4162 alignfull uagb-is-root-container\"><div class=\"uagb-container-inner-blocks-wrap\">\n<div class=\"wp-block-uagb-advanced-heading uagb-block-b89f308f\"><h2 class=\"uagb-heading-text\">Una revoluci\u00f3n en la ense\u00f1anza del ingl\u00e9s<\/h2><\/div>\n\n\n\n<p class=\"has-text-align-left\">Llevamos m\u00e1s de <strong>10 a\u00f1os<\/strong> ense\u00f1ando ingl\u00e9s a personas de todas las edades \u2014desde los <strong>3 hasta los 100 a\u00f1os<\/strong>\u2014 y seguimos aprendiendo con cada uno de nuestros alumnos.  Creemos en un aprendizaje que <strong>inspira, emociona y transforma<\/strong>. Porque los idiomas abren puertas, conectan culturas y nos hacen crecer como personas.<\/p>\n\n\n\n<p class=\"has-text-align-left\">En UK School <strong>los l\u00edmites solo los pones t\u00fa<\/strong>. Te ayudamos a agrupar, organizar y expresar todo lo que llevas dentro. Y te demostramos que <strong>pensar en ingl\u00e9s no es una misi\u00f3n imposible<\/strong>, sino un proceso divertido y alcanzable con el acompa\u00f1amiento adecuado.<\/p>\n\n\n\n<div class=\"wp-block-uagb-buttons uagb-buttons__outer-wrap uagb-btn__default-btn uagb-btn-tablet__default-btn uagb-btn-mobile__default-btn uagb-block-caf8f4a0\"><div class=\"uagb-buttons__wrap uagb-buttons-layout-wrap \">\n<div class=\"wp-block-uagb-buttons-child uagb-buttons__outer-wrap uagb-block-3ed48a17 wp-block-button\"><div class=\"uagb-button__wrapper\"><a class=\"uagb-buttons-repeater wp-block-button__link\" aria-label=\"\" href=\"#\" rel=\"follow noopener\" target=\"_self\" role=\"button\"><div class=\"uagb-button__link\">Solicita tu clase de prueba gratis<\/div><\/a><\/div><\/div>\n<\/div><\/div>\n\n\n\n<div class=\"wp-block-uagb-container uagb-block-a095e538 alignfull uagb-is-root-container\"><div class=\"uagb-container-inner-blocks-wrap\">\n<div class=\"wp-block-uagb-container uagb-block-ddadb5a7\">\n<div class=\"wp-block-uagb-container uagb-block-8c4a142f\">\n<div class=\"wp-block-uagb-advanced-heading uagb-block-59ba11a4\"><p class=\"uagb-desc-text\">uk school<\/p><h2 class=\"uagb-heading-text\">Mucho m\u00e1s que aprender ingl\u00e9s: es vivirlo.<\/h2><\/div>\n<\/div>\n\n\n\n<div class=\"wp-block-uagb-container uagb-block-ba0fc276\">\n<p class=\"has-ast-global-color-5-color has-text-color has-link-color wp-elements-00bbbaa56648be2634ee1b9fae92fab4\">En <strong>UK School<\/strong> te acompa\u00f1amos para que el ingl\u00e9s deje de ser una asignatura y se convierta en parte de tu vida. Aprende a comunicarte con confianza, a pensar en ingl\u00e9s y a disfrutar del proceso en cada paso.<\/p>\n<\/div>\n<\/div>\n\n\n\n<div class=\"wp-block-uagb-container uagb-block-5a40aef6\">      \n\t\t\t<div class=\"uagb-icon-wrapper uagb-block-a934b69b      \"\n\t\t\tstyle=\"\" >\n\t\t\t\t\t\t\t\t\t<span class=\"uagb-svg-wrapper\" \n\t\t\t\t\t\t\t\t\t\ttabindex=\"0\">\t\t\n\t\t\t\t\t\t\t\t\t\t<a rel=\"noopener noreferrer\" href=\"https:\/\/liderasoftskills.com\/producto\/cuestionario\" target=\"_self\"><svg xmlns=\"https:\/\/www.w3.org\/2000\/svg\" viewBox= \"0 0 448 512\" aria-hidden=\"true\"><path d=\"M438.6 278.6l-160 160C272.4 444.9 264.2 448 256 448s-16.38-3.125-22.62-9.375c-12.5-12.5-12.5-32.75 0-45.25L338.8 288H32C14.33 288 .0016 273.7 .0016 256S14.33 224 32 224h306.8l-105.4-105.4c-12.5-12.5-12.5-32.75 0-45.25s32.75-12.5 45.25 0l160 160C451.1 245.9 451.1 266.1 438.6 278.6z\"><\/path><\/svg><\/a>\n\t\t\t\t\t\t\t\t\t<\/span>\n\t\t\t\t\t\t\t<\/div>\n\t\t\t<\/div>\n<\/div><\/div>\n<\/div><\/div>\n\n\n\n<div class=\"wp-block-uagb-container uagb-block-ebc3381e alignfull uagb-is-root-container\"><div class=\"uagb-container-inner-blocks-wrap\">\n<div class=\"wp-block-uagb-advanced-heading uagb-block-ed08140b\"><h2 class=\"uagb-heading-text\">Nuestro mayor \u00e9xito: vosotros<\/h2><p class=\"uagb-desc-text\"><strong>Cada logro, cada t\u00edtulo, cada paso conseguido nos llena de orgullo.<\/strong><\/p><\/div>\n\n\n\n<p class=\"has-text-align-left\">En UK School celebramos cada peque\u00f1o avance como si fuera nuestro. Somos los que <strong>contenemos la respiraci\u00f3n en cada examen<\/strong>,<br>los que <strong>disfrutamos de vuestros logros<\/strong> y <strong>os apoyamos en los momentos dif\u00edciles<\/strong>. Nuestro verdadero \u00e9xito no se mide en cifras: <strong>se mide en historias<\/strong>. Historias de esfuerzo, superaci\u00f3n y alegr\u00eda compartida.<\/p>\n\n\n\n<div class=\"wp-block-uagb-container uagb-block-18d7388a\">\n<div class=\"wp-block-uagb-container uagb-block-a613976a\">\n<div class=\"wp-block-uagb-info-box uagb-block-dc186eab uagb-infobox__content-wrap  uagb-infobox-icon-above-title uagb-infobox-image-valign-top\"><div class=\"uagb-ifb-content\"><div class=\"uagb-ifb-image-content\"><img decoding=\"async\" src=\"https:\/\/ukschool.es\/wp-content\/uploads\/2025\/11\/alumnos.png\" alt=\"\" width=\"80\" height=\"80\" loading=\"lazy\"\/><\/div><div class=\"uagb-ifb-title-wrap\"><h3 class=\"uagb-ifb-title\">+600 alumnos presenciales<\/h3><\/div><\/div><\/div>\n<\/div>\n\n\n\n<div class=\"wp-block-uagb-container uagb-block-aa9de6b3\">\n<div class=\"wp-block-uagb-info-box uagb-block-39240882 uagb-infobox__content-wrap  uagb-infobox-icon-above-title uagb-infobox-image-valign-top\"><div class=\"uagb-ifb-content\"><div class=\"uagb-ifb-image-content\"><img decoding=\"async\" src=\"https:\/\/ukschool.es\/wp-content\/uploads\/2025\/11\/cambridge.png\" alt=\"\" width=\"80\" height=\"80\" loading=\"lazy\"\/><\/div><div class=\"uagb-ifb-title-wrap\"><h3 class=\"uagb-ifb-title\">Centro oficial Cambridge<\/h3><\/div><\/div><\/div>\n<\/div>\n\n\n\n<div class=\"wp-block-uagb-container uagb-block-743d7f7e\">\n<div class=\"wp-block-uagb-info-box uagb-block-fbe3e017 uagb-infobox__content-wrap  uagb-infobox-icon-above-title uagb-infobox-image-valign-top\"><div class=\"uagb-ifb-content\"><div class=\"uagb-ifb-image-content\"><img decoding=\"async\" src=\"https:\/\/ukschool.es\/wp-content\/uploads\/2025\/11\/experiencia.png\" alt=\"\" width=\"80\" height=\"80\" loading=\"lazy\"\/><\/div><div class=\"uagb-ifb-title-wrap\"><h3 class=\"uagb-ifb-title\">+10 a\u00f1os de experiencia<\/h3><\/div><\/div><\/div>\n<\/div>\n\n\n\n<div class=\"wp-block-uagb-container uagb-block-8153790f\">\n<div class=\"wp-block-uagb-info-box uagb-block-50cd96f0 uagb-infobox__content-wrap  uagb-infobox-icon-above-title uagb-infobox-image-valign-top\"><div class=\"uagb-ifb-content\"><div class=\"uagb-ifb-image-content\"><img decoding=\"async\" src=\"https:\/\/ukschool.es\/wp-content\/uploads\/2025\/11\/edades.png\" alt=\"\" width=\"80\" height=\"80\" loading=\"lazy\"\/><\/div><div class=\"uagb-ifb-title-wrap\"><h3 class=\"uagb-ifb-title\">A partir de 3 a\u00f1os<\/h3><\/div><\/div><\/div>\n<\/div>\n\n\n\n<div class=\"wp-block-uagb-container uagb-block-82e3aa7d\">\n<div class=\"wp-block-uagb-info-box uagb-block-263b1a92 uagb-infobox__content-wrap  uagb-infobox-icon-above-title uagb-infobox-image-valign-top\"><div class=\"uagb-ifb-content\"><div class=\"uagb-ifb-image-content\"><img decoding=\"async\" src=\"https:\/\/ukschool.es\/wp-content\/uploads\/2025\/11\/titulacion.png\" alt=\"\" width=\"80\" height=\"80\" loading=\"lazy\"\/><\/div><div class=\"uagb-ifb-title-wrap\"><h3 class=\"uagb-ifb-title\">+1000 titulaciones obtenidas<\/h3><\/div><\/div><\/div>\n<\/div>\n<\/div>\n\n\n\n<div class=\"wp-block-uagb-buttons uagb-buttons__outer-wrap uagb-btn__default-btn uagb-btn-tablet__default-btn uagb-btn-mobile__default-btn uagb-block-7c278d03\"><div class=\"uagb-buttons__wrap uagb-buttons-layout-wrap \">\n<div class=\"wp-block-uagb-buttons-child uagb-buttons__outer-wrap uagb-block-971eb410 wp-block-button\"><div class=\"uagb-button__wrapper\"><a class=\"uagb-buttons-repeater wp-block-button__link\" aria-label=\"\" href=\"https:\/\/ukschool.es\/index.php\/cursos\/\" rel=\"follow noopener\" target=\"_self\" role=\"button\"><div class=\"uagb-button__link\">Conoce nuestros cursos<\/div><\/a><\/div><\/div>\n<\/div><\/div>\n<\/div><\/div>\n\n\n\n<div class=\"wp-block-uagb-container uagb-block-eca1590b alignfull uagb-is-root-container\"><div class=\"uagb-container-inner-blocks-wrap\">\n<div class=\"wp-block-uagb-container uagb-block-2fa33bef\">\n<div class=\"wp-block-uagb-advanced-heading uagb-block-e571c7e6\"><h2 class=\"uagb-heading-text\">Nuestro equipo<\/h2><p class=\"uagb-desc-text\"><strong>Personas que ense\u00f1an desde el coraz\u00f3n<\/strong><\/p><\/div>\n\n\n\n<p class=\"has-ast-global-color-5-color has-text-color has-link-color wp-elements-1bfe9ce9a8d92d241b2e1f272d45dd8b\">Detr\u00e1s de cada clase hay un equipo apasionado, comprometido y en constante evoluci\u00f3n.<\/p>\n\n\n\n<p class=\"has-ast-global-color-5-color has-text-color has-link-color wp-elements-fd760285a9068e5b39fbfe33b9609c64\">Nuestros <strong>profesores nativos y biling\u00fces<\/strong> comparten un mismo objetivo: que cada alumno aprenda disfrutando, a su ritmo y con confianza.<\/p>\n\n\n\n<p class=\"has-ast-global-color-5-color has-text-color has-link-color wp-elements-674603876428b3a752bc983197e54506\">En UK School <strong>ense\u00f1amos, aprendemos y crecemos juntos<\/strong>. Porque creemos que la ense\u00f1anza es un camino compartido, donde todos \u2014alumnos y profesores\u2014 aprendemos unos de otros.<\/p>\n<\/div>\n\n\n\n<div class=\"wp-block-uagb-container uagb-block-e7401d19\">\n<div class=\"wp-block-uagb-image uagb-block-8c4a7b93 wp-block-uagb-image--layout-default wp-block-uagb-image--effect-static wp-block-uagb-image--align-none\"><figure class=\"wp-block-uagb-image__figure\"><img decoding=\"async\" srcset=\"https:\/\/ukschool.es\/wp-content\/uploads\/2025\/11\/Diseno-sin-titulo-3-min.png ,https:\/\/ukschool.es\/wp-content\/uploads\/2025\/11\/Diseno-sin-titulo-3-min.png 780w, https:\/\/ukschool.es\/wp-content\/uploads\/2025\/11\/Diseno-sin-titulo-3-min.png 360w\" sizes=\"auto, (max-width: 480px) 150px\" src=\"https:\/\/ukschool.es\/wp-content\/uploads\/2025\/11\/Diseno-sin-titulo-3-min.png\" alt=\"\" class=\"uag-image-703\" width=\"952\" height=\"635\" title=\"Dise\u00f1o sin t\u00edtulo (3)-min\" loading=\"lazy\" role=\"img\"\/><\/figure><\/div>\n<\/div>\n<\/div><\/div>\n\n\n\n<div class=\"wp-block-uagb-container uagb-block-ff5213a7 alignfull uagb-is-root-container\"><div class=\"uagb-container-inner-blocks-wrap\">\n<div class=\"wp-block-uagb-container uag-hide-mob uagb-block-67a392c3\"><\/div>\n\n\n\n<div class=\"wp-block-uagb-container uagb-block-4c752f5f\">\n<div class=\"wp-block-uagb-advanced-heading uagb-block-d0950d43\"><h2 class=\"uagb-heading-text\">Historias Reales, Resultados Reales<\/h2><p class=\"uagb-desc-text\">Descubre c\u00f3mo personas como t\u00fa han conseguido sus prop\u00f3sitos y sus certificaciones<\/p><\/div>\n\n\n\n<div class=\"wp-block-uagb-testimonial uagb-slick-carousel uagb-tm__arrow-outside uagb-block-979e4973\"><div class=\"is-carousel uagb-tm__columns-1 uagb-tm__items\"><div class=\"uagb-testimonial__wrap  uagb-tm__imgicon-style-circle uagb-tm__image-position-bottom uagb-tm__bg-type-none \"><div class=\"uagb-tm__content\"><div class=\"uagb-tm__overlay\"><\/div><div class=\"uagb-tm__text-wrap\"><div class=\"uagb-tm__desc\">UK School es mucho m\u00e1s que una academia. Desde el primer d\u00eda me hicieron sentir parte de una familia. Las clases son amenas, los profesores muy atentos y siempre te animan a dar lo mejor de ti. Gracias a ellos, he perdido el miedo a hablar en ingl\u00e9s y he notado una mejora enorme en pocos meses.<\/div><div class=\"uagb-tm__meta-inner\"><div class=\"uagb-testimonial-details\"><span class=\"uagb-tm__author-name\">Laura P.<\/span><span class=\"uagb-tm__company\"><\/span><\/div><\/div><\/div><\/div><\/div><div class=\"uagb-testimonial__wrap  uagb-tm__imgicon-style-circle uagb-tm__image-position-bottom uagb-tm__bg-type-none \"><div class=\"uagb-tm__content\"><div class=\"uagb-tm__overlay\"><\/div><div class=\"uagb-tm__text-wrap\"><div class=\"uagb-tm__desc\">Llevo a\u00f1os confiando en UK School para mis hijos y no puedo estar m\u00e1s contento. Los profesores son profesionales, cari\u00f1osos y consiguen que los ni\u00f1os aprendan disfrutando. La comunicaci\u00f3n con el centro es excelente y se nota que realmente se preocupan por el progreso de cada alumno.<\/div><div class=\"uagb-tm__meta-inner\"><div class=\"uagb-testimonial-details\"><span class=\"uagb-tm__author-name\">Mart\u00edn C. <\/span><span class=\"uagb-tm__company\"><\/span><\/div><\/div><\/div><\/div><\/div><\/div><\/div>\n<\/div>\n<\/div><\/div>\n","protected":false},"excerpt":{"rendered":"<p>THE ACADEMY UK SCHOOL. Un nombre. Dos escuelas. M\u00e1s de 600 alumnos presenciales \u00bfQui\u00e9nes somos? En UK School creemos que [&hellip;]<\/p>\n","protected":false},"author":1,"featured_media":0,"parent":0,"menu_order":0,"comment_status":"closed","ping_status":"closed","template":"","meta":{"_uag_custom_page_level_css":"","site-sidebar-layout":"default","site-content-layout":"","ast-site-content-layout":"default","site-content-style":"default","site-sidebar-style":"default","ast-global-header-display":"","ast-banner-title-visibility":"","ast-main-header-display":"","ast-hfb-above-header-display":"","ast-hfb-below-header-display":"","ast-hfb-mobile-header-display":"","site-post-title":"","ast-breadcrumbs-content":"","ast-featured-img":"","footer-sml-layout":"","ast-disable-related-posts":"","theme-transparent-header-meta":"enabled","adv-header-id-meta":"","stick-header-meta":"","header-above-stick-meta":"","header-main-stick-meta":"","header-below-stick-meta":"","astra-migrate-meta-layouts":"default","ast-page-background-enabled":"default","ast-page-background-meta":{"desktop":{"background-color":"var(--ast-global-color-5)","background-image":"","background-repeat":"repeat","background-position":"center center","background-size":"auto","background-attachment":"scroll","background-type":"","background-media":"","overlay-type":"","overlay-color":"","overlay-opacity":"","overlay-gradient":""},"tablet":{"background-color":"","background-image":"","background-repeat":"repeat","background-position":"center center","background-size":"auto","background-attachment":"scroll","background-type":"","background-media":"","overlay-type":"","overlay-color":"","overlay-opacity":"","overlay-gradient":""},"mobile":{"background-color":"","background-image":"","background-repeat":"repeat","background-position":"center center","background-size":"auto","background-attachment":"scroll","background-type":"","background-media":"","overlay-type":"","overlay-color":"","overlay-opacity":"","overlay-gradient":""}},"ast-content-background-meta":{"desktop":{"background-color":"var(--ast-global-color-4)","background-image":"","background-repeat":"repeat","background-position":"center center","background-size":"auto","background-attachment":"scroll","background-type":"","background-media":"","overlay-type":"","overlay-color":"","overlay-opacity":"","overlay-gradient":""},"tablet":{"background-color":"var(--ast-global-color-4)","background-image":"","background-repeat":"repeat","background-position":"center center","background-size":"auto","background-attachment":"scroll","background-type":"","background-media":"","overlay-type":"","overlay-color":"","overlay-opacity":"","overlay-gradient":""},"mobile":{"background-color":"var(--ast-global-color-4)","background-image":"","background-repeat":"repeat","background-position":"center center","background-size":"auto","background-attachment":"scroll","background-type":"","background-media":"","overlay-type":"","overlay-color":"","overlay-opacity":"","overlay-gradient":""}},"footnotes":""},"class_list":["post-135","page","type-page","status-publish","hentry"],"yoast_head":"<!-- This site is optimized with the Yoast SEO plugin v26.7 - https:\/\/yoast.com\/wordpress\/plugins\/seo\/ -->\n<title>The Academy - UK SCHOOL<\/title>\n<meta name=\"robots\" content=\"index, follow, max-snippet:-1, max-image-preview:large, max-video-preview:-1\" \/>\n<link rel=\"canonical\" href=\"https:\/\/ukschool.es\/index.php\/the-academy\/\" \/>\n<meta property=\"og:locale\" content=\"es_ES\" \/>\n<meta property=\"og:type\" content=\"article\" \/>\n<meta property=\"og:title\" content=\"The Academy - UK SCHOOL\" \/>\n<meta property=\"og:description\" content=\"THE ACADEMY UK SCHOOL. Un nombre. Dos escuelas. M\u00e1s de 600 alumnos presenciales \u00bfQui\u00e9nes somos? En UK School creemos que [&hellip;]\" \/>\n<meta property=\"og:url\" content=\"https:\/\/ukschool.es\/index.php\/the-academy\/\" \/>\n<meta property=\"og:site_name\" content=\"UK SCHOOL\" \/>\n<meta property=\"article:modified_time\" content=\"2025-12-02T12:30:53+00:00\" \/>\n<meta property=\"og:image\" content=\"https:\/\/ukschool.es\/wp-content\/uploads\/2025\/11\/alumnos.png\" \/>\n<meta name=\"twitter:card\" content=\"summary_large_image\" \/>\n<meta name=\"twitter:label1\" content=\"Tiempo de lectura\" \/>\n\t<meta name=\"twitter:data1\" content=\"4 minutos\" \/>\n<script type=\"application\/ld+json\" class=\"yoast-schema-graph\">{\"@context\":\"https:\/\/schema.org\",\"@graph\":[{\"@type\":\"WebPage\",\"@id\":\"https:\/\/ukschool.es\/index.php\/the-academy\/\",\"url\":\"https:\/\/ukschool.es\/index.php\/the-academy\/\",\"name\":\"The Academy - UK SCHOOL\",\"isPartOf\":{\"@id\":\"https:\/\/ukschool.es\/#website\"},\"primaryImageOfPage\":{\"@id\":\"https:\/\/ukschool.es\/index.php\/the-academy\/#primaryimage\"},\"image\":{\"@id\":\"https:\/\/ukschool.es\/index.php\/the-academy\/#primaryimage\"},\"thumbnailUrl\":\"https:\/\/ukschool.es\/wp-content\/uploads\/2025\/11\/alumnos.png\",\"datePublished\":\"2025-10-27T13:12:56+00:00\",\"dateModified\":\"2025-12-02T12:30:53+00:00\",\"breadcrumb\":{\"@id\":\"https:\/\/ukschool.es\/index.php\/the-academy\/#breadcrumb\"},\"inLanguage\":\"es\",\"potentialAction\":[{\"@type\":\"ReadAction\",\"target\":[\"https:\/\/ukschool.es\/index.php\/the-academy\/\"]}]},{\"@type\":\"ImageObject\",\"inLanguage\":\"es\",\"@id\":\"https:\/\/ukschool.es\/index.php\/the-academy\/#primaryimage\",\"url\":\"https:\/\/ukschool.es\/wp-content\/uploads\/2025\/11\/alumnos.png\",\"contentUrl\":\"https:\/\/ukschool.es\/wp-content\/uploads\/2025\/11\/alumnos.png\",\"width\":222,\"height\":222},{\"@type\":\"BreadcrumbList\",\"@id\":\"https:\/\/ukschool.es\/index.php\/the-academy\/#breadcrumb\",\"itemListElement\":[{\"@type\":\"ListItem\",\"position\":1,\"name\":\"Portada\",\"item\":\"https:\/\/ukschool.es\/\"},{\"@type\":\"ListItem\",\"position\":2,\"name\":\"The Academy\"}]},{\"@type\":\"WebSite\",\"@id\":\"https:\/\/ukschool.es\/#website\",\"url\":\"https:\/\/ukschool.es\/\",\"name\":\"UK SCHOOL\",\"description\":\"Academia de ingl\u00e9s en Zaragoza\",\"publisher\":{\"@id\":\"https:\/\/ukschool.es\/#organization\"},\"potentialAction\":[{\"@type\":\"SearchAction\",\"target\":{\"@type\":\"EntryPoint\",\"urlTemplate\":\"https:\/\/ukschool.es\/?s={search_term_string}\"},\"query-input\":{\"@type\":\"PropertyValueSpecification\",\"valueRequired\":true,\"valueName\":\"search_term_string\"}}],\"inLanguage\":\"es\"},{\"@type\":\"Organization\",\"@id\":\"https:\/\/ukschool.es\/#organization\",\"name\":\"UK SCHOOL\",\"url\":\"https:\/\/ukschool.es\/\",\"logo\":{\"@type\":\"ImageObject\",\"inLanguage\":\"es\",\"@id\":\"https:\/\/ukschool.es\/#\/schema\/logo\/image\/\",\"url\":\"https:\/\/ukschool.es\/wp-content\/uploads\/2025\/12\/cropped-logo.png\",\"contentUrl\":\"https:\/\/ukschool.es\/wp-content\/uploads\/2025\/12\/cropped-logo.png\",\"width\":778,\"height\":657,\"caption\":\"UK SCHOOL\"},\"image\":{\"@id\":\"https:\/\/ukschool.es\/#\/schema\/logo\/image\/\"}}]}<\/script>\n<!-- \/ Yoast SEO plugin. -->","yoast_head_json":{"title":"The Academy - UK SCHOOL","robots":{"index":"index","follow":"follow","max-snippet":"max-snippet:-1","max-image-preview":"max-image-preview:large","max-video-preview":"max-video-preview:-1"},"canonical":"https:\/\/ukschool.es\/index.php\/the-academy\/","og_locale":"es_ES","og_type":"article","og_title":"The Academy - UK SCHOOL","og_description":"THE ACADEMY UK SCHOOL. Un nombre. Dos escuelas. M\u00e1s de 600 alumnos presenciales \u00bfQui\u00e9nes somos? En UK School creemos que [&hellip;]","og_url":"https:\/\/ukschool.es\/index.php\/the-academy\/","og_site_name":"UK SCHOOL","article_modified_time":"2025-12-02T12:30:53+00:00","og_image":[{"url":"https:\/\/ukschool.es\/wp-content\/uploads\/2025\/11\/alumnos.png","type":"","width":"","height":""}],"twitter_card":"summary_large_image","twitter_misc":{"Tiempo de lectura":"4 minutos"},"schema":{"@context":"https:\/\/schema.org","@graph":[{"@type":"WebPage","@id":"https:\/\/ukschool.es\/index.php\/the-academy\/","url":"https:\/\/ukschool.es\/index.php\/the-academy\/","name":"The Academy - UK SCHOOL","isPartOf":{"@id":"https:\/\/ukschool.es\/#website"},"primaryImageOfPage":{"@id":"https:\/\/ukschool.es\/index.php\/the-academy\/#primaryimage"},"image":{"@id":"https:\/\/ukschool.es\/index.php\/the-academy\/#primaryimage"},"thumbnailUrl":"https:\/\/ukschool.es\/wp-content\/uploads\/2025\/11\/alumnos.png","datePublished":"2025-10-27T13:12:56+00:00","dateModified":"2025-12-02T12:30:53+00:00","breadcrumb":{"@id":"https:\/\/ukschool.es\/index.php\/the-academy\/#breadcrumb"},"inLanguage":"es","potentialAction":[{"@type":"ReadAction","target":["https:\/\/ukschool.es\/index.php\/the-academy\/"]}]},{"@type":"ImageObject","inLanguage":"es","@id":"https:\/\/ukschool.es\/index.php\/the-academy\/#primaryimage","url":"https:\/\/ukschool.es\/wp-content\/uploads\/2025\/11\/alumnos.png","contentUrl":"https:\/\/ukschool.es\/wp-content\/uploads\/2025\/11\/alumnos.png","width":222,"height":222},{"@type":"BreadcrumbList","@id":"https:\/\/ukschool.es\/index.php\/the-academy\/#breadcrumb","itemListElement":[{"@type":"ListItem","position":1,"name":"Portada","item":"https:\/\/ukschool.es\/"},{"@type":"ListItem","position":2,"name":"The Academy"}]},{"@type":"WebSite","@id":"https:\/\/ukschool.es\/#website","url":"https:\/\/ukschool.es\/","name":"UK SCHOOL","description":"Academia de ingl\u00e9s en Zaragoza","publisher":{"@id":"https:\/\/ukschool.es\/#organization"},"potentialAction":[{"@type":"SearchAction","target":{"@type":"EntryPoint","urlTemplate":"https:\/\/ukschool.es\/?s={search_term_string}"},"query-input":{"@type":"PropertyValueSpecification","valueRequired":true,"valueName":"search_term_string"}}],"inLanguage":"es"},{"@type":"Organization","@id":"https:\/\/ukschool.es\/#organization","name":"UK SCHOOL","url":"https:\/\/ukschool.es\/","logo":{"@type":"ImageObject","inLanguage":"es","@id":"https:\/\/ukschool.es\/#\/schema\/logo\/image\/","url":"https:\/\/ukschool.es\/wp-content\/uploads\/2025\/12\/cropped-logo.png","contentUrl":"https:\/\/ukschool.es\/wp-content\/uploads\/2025\/12\/cropped-logo.png","width":778,"height":657,"caption":"UK SCHOOL"},"image":{"@id":"https:\/\/ukschool.es\/#\/schema\/logo\/image\/"}}]}},"uagb_featured_image_src":{"full":false,"thumbnail":false,"medium":false,"medium_large":false,"large":false,"1536x1536":false,"2048x2048":false,"woocommerce_thumbnail":false,"woocommerce_single":false,"woocommerce_gallery_thumbnail":false},"uagb_author_info":{"display_name":"admin","author_link":"https:\/\/ukschool.es\/index.php\/author\/desarrollosephor\/"},"uagb_comment_info":0,"uagb_excerpt":"THE ACADEMY UK SCHOOL. Un nombre. Dos escuelas. M\u00e1s de 600 alumnos presenciales \u00bfQui\u00e9nes somos? En UK School creemos que [&hellip;]","publishpress_future_action":{"enabled":false,"date":"2026-04-23 18:08:47","action":"change-status","newStatus":"draft","terms":[],"taxonomy":"","extraData":[]},"publishpress_future_workflow_manual_trigger":{"enabledWorkflows":[]},"_links":{"self":[{"href":"https:\/\/ukschool.es\/index.php\/wp-json\/wp\/v2\/pages\/135","targetHints":{"allow":["GET"]}}],"collection":[{"href":"https:\/\/ukschool.es\/index.php\/wp-json\/wp\/v2\/pages"}],"about":[{"href":"https:\/\/ukschool.es\/index.php\/wp-json\/wp\/v2\/types\/page"}],"author":[{"embeddable":true,"href":"https:\/\/ukschool.es\/index.php\/wp-json\/wp\/v2\/users\/1"}],"replies":[{"embeddable":true,"href":"https:\/\/ukschool.es\/index.php\/wp-json\/wp\/v2\/comments?post=135"}],"version-history":[{"count":91,"href":"https:\/\/ukschool.es\/index.php\/wp-json\/wp\/v2\/pages\/135\/revisions"}],"predecessor-version":[{"id":792,"href":"https:\/\/ukschool.es\/index.php\/wp-json\/wp\/v2\/pages\/135\/revisions\/792"}],"wp:attachment":[{"href":"https:\/\/ukschool.es\/index.php\/wp-json\/wp\/v2\/media?parent=135"}],"curies":[{"name":"wp","href":"https:\/\/api.w.org\/{rel}","templated":true}]}}