{"id":440,"date":"2025-10-30T12:41:16","date_gmt":"2025-10-30T12:41:16","guid":{"rendered":"https:\/\/jobs.sephorconsulting.es\/ukschool\/?page_id=440"},"modified":"2026-01-14T10:38:29","modified_gmt":"2026-01-14T10:38:29","slug":"click-online","status":"publish","type":"page","link":"https:\/\/ukschool.es\/index.php\/click-online\/","title":{"rendered":"Click-Online"},"content":{"rendered":"\n<div class=\"wp-block-uagb-container uagb-block-3b74a365 alignfull uagb-is-root-container\"><div class=\"uagb-container-inner-blocks-wrap\">\n<div class=\"wp-block-uagb-advanced-heading uagb-block-75acfe97\"><h1 class=\"uagb-heading-text\">Click-Online<\/h1><p class=\"uagb-desc-text\"><strong>Tu t\u00edtulo Cambridge, m\u00e1s cerca que nunca<\/strong><\/p><\/div>\n<\/div><\/div>\n\n\n\n<div class=\"wp-block-uagb-container uagb-block-8ee9233c alignfull uagb-is-root-container\"><div class=\"uagb-container-inner-blocks-wrap\">\n<div class=\"wp-block-uagb-container uagb-block-7d5535b4\">\n<div class=\"wp-block-uagb-advanced-heading uagb-block-2f917ea3\"><h2 class=\"uagb-heading-text\">\u00bfQu\u00e9 es Click-Online?<\/h2><\/div>\n\n\n\n<p><strong>Click-Online<\/strong> es un curso <strong>intensivo 100 % online<\/strong> <strong>de 4 meses de duraci\u00f3n<\/strong> creado por <strong>UK School<\/strong>, centro preparador oficial Cambridge.<\/p>\n\n\n\n<p>Est\u00e1 dise\u00f1ado para ayudarte a conseguir tu certificado <strong>desde el B1 hasta el C2<\/strong> <strong>en 160 horas <\/strong>de forma r\u00e1pida, c\u00f3moda y con la garant\u00eda de una academia con m\u00e1s de <strong>600 alumnos<\/strong> que ya han confiado en nosotros.<\/p>\n\n\n\n<p>Aprende en grupos reducidos de <strong>m\u00e1ximo 8 alumnos por clase<\/strong>, con un seguimiento continuo y atenci\u00f3n personalizada. Nuestras clases son din\u00e1micas, pr\u00e1cticas y enfocadas a los objetivos reales del examen Cambridge.<\/p>\n<\/div>\n\n\n\n<div class=\"wp-block-uagb-container uagb-block-70dbbe5b\"><\/div>\n<\/div><\/div>\n\n\n\n<div class=\"wp-block-uagb-container uagb-block-db018f98 alignfull uagb-is-root-container\"><div class=\"uagb-container-inner-blocks-wrap\">\n<div class=\"wp-block-uagb-container uagb-block-374081f1\">\n<div class=\"wp-block-uagb-info-box uagb-block-58c37700 uagb-infobox__content-wrap  uagb-infobox-icon-above-title uagb-infobox-image-valign-top\"><div class=\"uagb-ifb-content\"><div class=\"uagb-ifb-image-content\"><img decoding=\"async\" src=\"https:\/\/ukschool.es\/wp-content\/uploads\/2025\/11\/horarios-150x150.png\" alt=\"\" width=\"\" height=\"0\" loading=\"lazy\"\/><\/div><div class=\"uagb-ifb-title-wrap\"><h3 class=\"uagb-ifb-title\"> A elegir seg\u00fan el nivel (Ma\u00f1ana y tarde)<\/h3><\/div><\/div><\/div>\n<\/div>\n\n\n\n<div class=\"wp-block-uagb-container uagb-block-6589107c\">\n<div class=\"wp-block-uagb-info-box uagb-block-52556d8c uagb-infobox__content-wrap  uagb-infobox-icon-above-title uagb-infobox-image-valign-top\"><div class=\"uagb-ifb-content\"><div class=\"uagb-ifb-image-content\"><img decoding=\"async\" src=\"https:\/\/ukschool.es\/wp-content\/uploads\/2025\/11\/cambridge-150x150.png\" alt=\"\" width=\"\" height=\"0\" loading=\"lazy\"\/><\/div><div class=\"uagb-ifb-title-wrap\"><h3 class=\"uagb-ifb-title\">Profesorado nativo y especializados en Cambridge<\/h3><\/div><\/div><\/div>\n<\/div>\n\n\n\n<div class=\"wp-block-uagb-container uagb-block-2366ca51\">\n<div class=\"wp-block-uagb-info-box uagb-block-3c0857d9 uagb-infobox__content-wrap  uagb-infobox-icon-above-title uagb-infobox-image-valign-top\"><div class=\"uagb-ifb-content\"><div class=\"uagb-ifb-image-content\"><img decoding=\"async\" src=\"https:\/\/ukschool.es\/wp-content\/uploads\/2025\/11\/online-150x150.png\" alt=\"\" width=\"\" height=\"0\" loading=\"lazy\"\/><\/div><div class=\"uagb-ifb-title-wrap\"><h3 class=\"uagb-ifb-title\">100% online, clases en directo<\/h3><\/div><\/div><\/div>\n<\/div>\n\n\n\n<div class=\"wp-block-uagb-container uagb-block-6984e628\">\n<div class=\"wp-block-uagb-info-box uagb-block-355a633f uagb-infobox__content-wrap  uagb-infobox-icon-above-title uagb-infobox-image-valign-top\"><div class=\"uagb-ifb-content\"><div class=\"uagb-ifb-image-content\"><img decoding=\"async\" src=\"https:\/\/ukschool.es\/wp-content\/uploads\/2025\/11\/grupo-150x150.png\" alt=\"\" width=\"\" height=\"0\" loading=\"lazy\"\/><\/div><div class=\"uagb-ifb-title-wrap\"><h3 class=\"uagb-ifb-title\">M\u00e1ximo grupos de 8 alumnos<\/h3><\/div><\/div><\/div>\n<\/div>\n\n\n\n<div class=\"wp-block-uagb-container uagb-block-eb346b4b\">\n<div class=\"wp-block-uagb-info-box uagb-block-c1ac6401 uagb-infobox__content-wrap  uagb-infobox-icon-above-title uagb-infobox-image-valign-top\"><div class=\"uagb-ifb-content\"><div class=\"uagb-ifb-image-content\"><img decoding=\"async\" src=\"https:\/\/ukschool.es\/wp-content\/uploads\/2025\/11\/libros-150x150.png\" alt=\"\" width=\"\" height=\"0\" loading=\"lazy\"\/><\/div><div class=\"uagb-ifb-title-wrap\"><h3 class=\"uagb-ifb-title\">Niveles disponibles desde B1 al C1<\/h3><\/div><\/div><\/div>\n<\/div>\n\n\n\n<div class=\"wp-block-uagb-container uagb-block-c794f71c\">\n<div class=\"wp-block-uagb-info-box uagb-block-aeb9dd4d uagb-infobox__content-wrap  uagb-infobox-icon-above-title uagb-infobox-image-valign-top\"><div class=\"uagb-ifb-content\"><div class=\"uagb-ifb-image-content\"><img decoding=\"async\" src=\"https:\/\/ukschool.es\/wp-content\/uploads\/2025\/11\/Anadir-un-titulo-150x150.png\" alt=\"\" width=\"\" height=\"0\" loading=\"lazy\"\/><\/div><div class=\"uagb-ifb-title-wrap\"><h3 class=\"uagb-ifb-title\">6,25\u20ac la hora<\/h3><\/div><\/div><\/div>\n<\/div>\n\n\n\n<div class=\"wp-block-uagb-container uagb-block-c41b6555\">\n<div class=\"wp-block-uagb-info-box uagb-block-ef89c020 uagb-infobox__content-wrap  uagb-infobox-icon-above-title uagb-infobox-image-valign-top\"><div class=\"uagb-ifb-content\"><div class=\"uagb-ifb-image-content\"><img decoding=\"async\" src=\"https:\/\/ukschool.es\/wp-content\/uploads\/2025\/11\/ingles-150x150.png\" alt=\"\" width=\"\" height=\"0\" loading=\"lazy\"\/><\/div><div class=\"uagb-ifb-title-wrap\"><h3 class=\"uagb-ifb-title\">Matr\u00edcula Gratis<\/h3><\/div><\/div><\/div>\n<\/div>\n<\/div><\/div>\n\n\n\n<div class=\"wp-block-uagb-container uagb-block-39d7aa85 alignfull uagb-is-root-container\"><div class=\"uagb-container-inner-blocks-wrap\">\n<div class=\"wp-block-uagb-advanced-heading uagb-block-812ffcb4\"><h2 class=\"uagb-heading-text\">Aprende ingl\u00e9s con m\u00e9todo, motivaci\u00f3n y resultados<\/h2><p class=\"uagb-desc-text\"><strong>Cons\u00edguelo f\u00e1cil, r\u00e1pido y con garant\u00eda de \u00e9xito. \u00a1Y 100 % online!<\/strong><\/p><\/div>\n\n\n\n<div class=\"wp-block-uagb-container uagb-block-8ded8f66\">\n<div class=\"wp-block-uagb-container uagb-block-fe257067\">\n<p>En <strong>UK School<\/strong> creemos que aprender ingl\u00e9s debe ser pr\u00e1ctico, accesible y motivador.<\/p>\n\n\n\n<p>Por eso, nuestro m\u00e9todo combina la preparaci\u00f3n oficial Cambridge con un enfoque <strong>comunicativo y real<\/strong>, centrado en la fluidez, la comprensi\u00f3n y la confianza del alumno.<\/p>\n<\/div>\n\n\n\n<div class=\"wp-block-uagb-container uagb-block-03ef9803\">\n<p style=\"margin-bottom:0;padding-bottom:0\">En <strong>Click-Online <\/strong>aprender\u00e1s con:<\/p>\n\n\n\n<ul class=\"wp-block-list\">\n<li>Material oficial Cambridge.<\/li>\n\n\n\n<li>Profesores nativos y biling\u00fces.<\/li>\n\n\n\n<li>Seguimiento personalizado y simulacros de examen.<\/li>\n\n\n\n<li>Clases participativas y din\u00e1micas.<\/li>\n<\/ul>\n<\/div>\n<\/div>\n\n\n\n<div class=\"wp-block-uagb-buttons uagb-buttons__outer-wrap uagb-btn__default-btn uagb-btn-tablet__default-btn uagb-btn-mobile__default-btn uagb-block-531e8e7b\"><div class=\"uagb-buttons__wrap uagb-buttons-layout-wrap \">\n<div class=\"wp-block-uagb-buttons-child uagb-buttons__outer-wrap uagb-block-ffe6aba7 wp-block-button\"><div class=\"uagb-button__wrapper\"><a class=\"uagb-buttons-repeater wp-block-button__link\" aria-label=\"\" href=\"https:\/\/ukschool.es\/index.php\/producto\/click-online\/\" rel=\"follow noopener\" target=\"_self\" role=\"button\"><div class=\"uagb-button__link\">M\u00e1s informaci\u00f3n<\/div><\/a><\/div><\/div>\n<\/div><\/div>\n<\/div><\/div>\n\n\n\n<div class=\"wp-block-uagb-container uagb-block-a30d2660 alignfull uagb-is-root-container\"><div class=\"uagb-container-inner-blocks-wrap\">\n<div class=\"wp-block-uagb-container accordion-blancos uagb-block-44a1f54c\">\n<div class=\"wp-block-uagb-advanced-heading uagb-block-8372ac6e\"><h2 class=\"uagb-heading-text\">C\u00f3mo inscribirte<\/h2><p class=\"uagb-desc-text\"><strong>Elige tu nivel y empieza tu curso Click-Online<\/strong><\/p><\/div>\n\n\n\n<ol class=\"wp-block-list has-ast-global-color-5-color has-text-color has-link-color wp-elements-a6f65adc6a9e6effa1b7d694d852cc00\">\n<li style=\"margin-bottom:var(--wp--preset--spacing--20)\">Elige el nivel que mejor se adapte a tus conocimientos, tenemos desde el B1 hasta el C1.<\/li>\n\n\n\n<li style=\"margin-bottom:var(--wp--preset--spacing--20)\">Elige el <strong>horario que prefieras<\/strong> (ma\u00f1ana o tarde).<\/li>\n\n\n\n<li>\u00a1Empieza el <strong>2 de marzo de 2026<\/strong> tu curso intensivo y consigue tu certificado Cambridge con UK School!<\/li>\n<\/ol>\n\n\n\n<p class=\"has-ast-global-color-5-color has-text-color has-link-color wp-elements-e2e0091e8ea09df08c06d9210e126f8d\"><em>*En los grupos tendr\u00e1 que haber un m\u00ednimo de 5 personas inscritas, en el caso de que no salga se devolver\u00e1 el dinero.<\/em><\/p>\n\n\n\n<p class=\"has-ast-global-color-5-color has-text-color has-link-color wp-elements-1842956f4ab6a56fcf69835ea8da4974\"><strong><em>*Preventa disponible hasta el 1 de marzo, una vez pasada esta fecha contactar con UK School<\/em><\/strong><\/p>\n\n\n\n<div class=\"wp-block-uagb-buttons uagb-buttons__outer-wrap uagb-btn__default-btn uagb-btn-tablet__default-btn uagb-btn-mobile__default-btn uagb-block-537cced2\"><div class=\"uagb-buttons__wrap uagb-buttons-layout-wrap \">\n<div class=\"wp-block-uagb-buttons-child uagb-buttons__outer-wrap uagb-block-b7973752 wp-block-button\"><div class=\"uagb-button__wrapper\"><a class=\"uagb-buttons-repeater ast-outline-button\" aria-label=\"\" style=\"border-width:revert-layer\" href=\"https:\/\/ukschool.es\/index.php\/producto\/click-online\/\" rel=\"follow noopener\" target=\"_self\" role=\"button\"><div class=\"uagb-button__link\">C\u00f3mpralo ahora<\/div><\/a><\/div><\/div>\n<\/div><\/div>\n<\/div>\n<\/div><\/div>\n\n\n\n<div class=\"wp-block-uagb-container uagb-block-ff5213a7 alignfull uagb-is-root-container\"><div class=\"uagb-container-inner-blocks-wrap\">\n<div class=\"wp-block-uagb-container uagb-block-4c752f5f\">\n<div class=\"wp-block-uagb-advanced-heading uagb-block-d0950d43\"><h2 class=\"uagb-heading-text\">Lo que dicen nuestros alumnos<\/h2><\/div>\n\n\n\n<div class=\"wp-block-uagb-testimonial uagb-slick-carousel uagb-tm__arrow-outside uagb-block-979e4973\"><div class=\"is-carousel uagb-tm__columns-1 uagb-tm__items\"><div class=\"uagb-testimonial__wrap  uagb-tm__imgicon-style-circle uagb-tm__image-position-bottom uagb-tm__bg-type-none \"><div class=\"uagb-tm__content\"><div class=\"uagb-tm__overlay\"><\/div><div class=\"uagb-tm__text-wrap\"><div class=\"uagb-tm__desc\">El curso Click-Online me ayud\u00f3 a aprobar el B2 a la primera. Las clases son muy din\u00e1micas y el seguimiento de los profesores es constante.<\/div><div class=\"uagb-tm__meta-inner\"><div class=\"uagb-testimonial-details\"><span class=\"uagb-tm__author-name\">Marta L<\/span><span class=\"uagb-tm__company\"><\/span><\/div><\/div><\/div><\/div><\/div><div class=\"uagb-testimonial__wrap  uagb-tm__imgicon-style-circle uagb-tm__image-position-bottom uagb-tm__bg-type-none \"><div class=\"uagb-tm__content\"><div class=\"uagb-tm__overlay\"><\/div><div class=\"uagb-tm__text-wrap\"><div class=\"uagb-tm__desc\">Lo mejor es poder prepararte desde casa sin perder el contacto con los profes. Aprendes de verdad.<\/div><div class=\"uagb-tm__meta-inner\"><div class=\"uagb-testimonial-details\"><span class=\"uagb-tm__author-name\">Daniel G.<\/span><span class=\"uagb-tm__company\"><\/span><\/div><\/div><\/div><\/div><\/div><\/div><\/div>\n<\/div>\n\n\n\n<div class=\"wp-block-uagb-container uag-hide-mob uagb-block-67a392c3\"><\/div>\n<\/div><\/div>\n\n\n\n<div class=\"wp-block-uagb-container uagb-block-4233ce04 alignfull uagb-is-root-container\"><div class=\"uagb-container-inner-blocks-wrap\">\n<div class=\"wp-block-uagb-advanced-heading uagb-block-e293c21a\"><h2 class=\"uagb-heading-text\">Consigue tu t\u00edtulo Cambridge sin moverte de casa.<\/h2><p class=\"uagb-desc-text\"><strong>Desde B1 hasta C<\/strong>1<\/p><\/div>\n\n\n\n<p class=\"has-text-align-center has-ast-global-color-5-color has-text-color has-link-color wp-elements-be748b161c7f976673926c7125a322ac\">Tu oportunidad para certificar tu nivel de ingl\u00e9s est\u00e1 m\u00e1s cerca que nunca. Elige tu nivel, tu horario y da el paso con <strong>Click-Online<\/strong>.<\/p>\n\n\n\n<div class=\"wp-block-uagb-buttons uagb-buttons__outer-wrap uagb-btn__default-btn uagb-btn-tablet__default-btn uagb-btn-mobile__default-btn uagb-block-5c151533\"><div class=\"uagb-buttons__wrap uagb-buttons-layout-wrap \">\n<div class=\"wp-block-uagb-buttons-child uagb-buttons__outer-wrap uagb-block-7d9e95e8 wp-block-button\"><div class=\"uagb-button__wrapper\"><a class=\"uagb-buttons-repeater wp-block-button__link\" aria-label=\"\" href=\"https:\/\/ukschool.es\/index.php\/producto\/click-online\/\" rel=\"follow noopener\" target=\"_self\" role=\"button\"><div class=\"uagb-button__link\">C\u00f3mpralo ahora<\/div><\/a><\/div><\/div>\n<\/div><\/div>\n<\/div><\/div>\n\n\n\n<p><\/p>\n","protected":false},"excerpt":{"rendered":"<p>Click-Online Tu t\u00edtulo Cambridge, m\u00e1s cerca que nunca \u00bfQu\u00e9 es Click-Online? Click-Online es un curso intensivo 100 % online de [&hellip;]<\/p>\n","protected":false},"author":1,"featured_media":0,"parent":0,"menu_order":0,"comment_status":"closed","ping_status":"closed","template":"","meta":{"_uag_custom_page_level_css":"","site-sidebar-layout":"default","site-content-layout":"","ast-site-content-layout":"default","site-content-style":"default","site-sidebar-style":"default","ast-global-header-display":"","ast-banner-title-visibility":"","ast-main-header-display":"","ast-hfb-above-header-display":"","ast-hfb-below-header-display":"","ast-hfb-mobile-header-display":"","site-post-title":"","ast-breadcrumbs-content":"","ast-featured-img":"","footer-sml-layout":"","ast-disable-related-posts":"","theme-transparent-header-meta":"enabled","adv-header-id-meta":"","stick-header-meta":"","header-above-stick-meta":"","header-main-stick-meta":"","header-below-stick-meta":"","astra-migrate-meta-layouts":"default","ast-page-background-enabled":"default","ast-page-background-meta":{"desktop":{"background-color":"var(--ast-global-color-5)","background-image":"","background-repeat":"repeat","background-position":"center center","background-size":"auto","background-attachment":"scroll","background-type":"","background-media":"","overlay-type":"","overlay-color":"","overlay-opacity":"","overlay-gradient":""},"tablet":{"background-color":"","background-image":"","background-repeat":"repeat","background-position":"center center","background-size":"auto","background-attachment":"scroll","background-type":"","background-media":"","overlay-type":"","overlay-color":"","overlay-opacity":"","overlay-gradient":""},"mobile":{"background-color":"","background-image":"","background-repeat":"repeat","background-position":"center center","background-size":"auto","background-attachment":"scroll","background-type":"","background-media":"","overlay-type":"","overlay-color":"","overlay-opacity":"","overlay-gradient":""}},"ast-content-background-meta":{"desktop":{"background-color":"var(--ast-global-color-4)","background-image":"","background-repeat":"repeat","background-position":"center center","background-size":"auto","background-attachment":"scroll","background-type":"","background-media":"","overlay-type":"","overlay-color":"","overlay-opacity":"","overlay-gradient":""},"tablet":{"background-color":"var(--ast-global-color-4)","background-image":"","background-repeat":"repeat","background-position":"center center","background-size":"auto","background-attachment":"scroll","background-type":"","background-media":"","overlay-type":"","overlay-color":"","overlay-opacity":"","overlay-gradient":""},"mobile":{"background-color":"var(--ast-global-color-4)","background-image":"","background-repeat":"repeat","background-position":"center center","background-size":"auto","background-attachment":"scroll","background-type":"","background-media":"","overlay-type":"","overlay-color":"","overlay-opacity":"","overlay-gradient":""}},"footnotes":""},"class_list":["post-440","page","type-page","status-publish","hentry"],"yoast_head":"<!-- This site is optimized with the Yoast SEO plugin v26.7 - https:\/\/yoast.com\/wordpress\/plugins\/seo\/ -->\n<title>Click-Online - UK SCHOOL<\/title>\n<meta name=\"robots\" content=\"index, follow, max-snippet:-1, max-image-preview:large, max-video-preview:-1\" \/>\n<link rel=\"canonical\" href=\"https:\/\/ukschool.es\/index.php\/click-online\/\" \/>\n<meta property=\"og:locale\" content=\"es_ES\" \/>\n<meta property=\"og:type\" content=\"article\" \/>\n<meta property=\"og:title\" content=\"Click-Online - UK SCHOOL\" \/>\n<meta property=\"og:description\" content=\"Click-Online Tu t\u00edtulo Cambridge, m\u00e1s cerca que nunca \u00bfQu\u00e9 es Click-Online? Click-Online es un curso intensivo 100 % online de [&hellip;]\" \/>\n<meta property=\"og:url\" content=\"https:\/\/ukschool.es\/index.php\/click-online\/\" \/>\n<meta property=\"og:site_name\" content=\"UK SCHOOL\" \/>\n<meta property=\"article:modified_time\" content=\"2026-01-14T10:38:29+00:00\" \/>\n<meta property=\"og:image\" content=\"https:\/\/ukschool.es\/wp-content\/uploads\/2025\/11\/horarios-150x150.png\" \/>\n<meta name=\"twitter:card\" content=\"summary_large_image\" \/>\n<meta name=\"twitter:label1\" content=\"Tiempo de lectura\" \/>\n\t<meta name=\"twitter:data1\" content=\"4 minutos\" \/>\n<script type=\"application\/ld+json\" class=\"yoast-schema-graph\">{\"@context\":\"https:\/\/schema.org\",\"@graph\":[{\"@type\":\"WebPage\",\"@id\":\"https:\/\/ukschool.es\/index.php\/click-online\/\",\"url\":\"https:\/\/ukschool.es\/index.php\/click-online\/\",\"name\":\"Click-Online - UK SCHOOL\",\"isPartOf\":{\"@id\":\"https:\/\/ukschool.es\/#website\"},\"primaryImageOfPage\":{\"@id\":\"https:\/\/ukschool.es\/index.php\/click-online\/#primaryimage\"},\"image\":{\"@id\":\"https:\/\/ukschool.es\/index.php\/click-online\/#primaryimage\"},\"thumbnailUrl\":\"https:\/\/ukschool.es\/wp-content\/uploads\/2025\/11\/horarios-150x150.png\",\"datePublished\":\"2025-10-30T12:41:16+00:00\",\"dateModified\":\"2026-01-14T10:38:29+00:00\",\"breadcrumb\":{\"@id\":\"https:\/\/ukschool.es\/index.php\/click-online\/#breadcrumb\"},\"inLanguage\":\"es\",\"potentialAction\":[{\"@type\":\"ReadAction\",\"target\":[\"https:\/\/ukschool.es\/index.php\/click-online\/\"]}]},{\"@type\":\"ImageObject\",\"inLanguage\":\"es\",\"@id\":\"https:\/\/ukschool.es\/index.php\/click-online\/#primaryimage\",\"url\":\"https:\/\/ukschool.es\/wp-content\/uploads\/2025\/11\/horarios.png\",\"contentUrl\":\"https:\/\/ukschool.es\/wp-content\/uploads\/2025\/11\/horarios.png\",\"width\":222,\"height\":222},{\"@type\":\"BreadcrumbList\",\"@id\":\"https:\/\/ukschool.es\/index.php\/click-online\/#breadcrumb\",\"itemListElement\":[{\"@type\":\"ListItem\",\"position\":1,\"name\":\"Portada\",\"item\":\"https:\/\/ukschool.es\/\"},{\"@type\":\"ListItem\",\"position\":2,\"name\":\"Click-Online\"}]},{\"@type\":\"WebSite\",\"@id\":\"https:\/\/ukschool.es\/#website\",\"url\":\"https:\/\/ukschool.es\/\",\"name\":\"UK SCHOOL\",\"description\":\"Academia de ingl\u00e9s en Zaragoza\",\"publisher\":{\"@id\":\"https:\/\/ukschool.es\/#organization\"},\"potentialAction\":[{\"@type\":\"SearchAction\",\"target\":{\"@type\":\"EntryPoint\",\"urlTemplate\":\"https:\/\/ukschool.es\/?s={search_term_string}\"},\"query-input\":{\"@type\":\"PropertyValueSpecification\",\"valueRequired\":true,\"valueName\":\"search_term_string\"}}],\"inLanguage\":\"es\"},{\"@type\":\"Organization\",\"@id\":\"https:\/\/ukschool.es\/#organization\",\"name\":\"UK SCHOOL\",\"url\":\"https:\/\/ukschool.es\/\",\"logo\":{\"@type\":\"ImageObject\",\"inLanguage\":\"es\",\"@id\":\"https:\/\/ukschool.es\/#\/schema\/logo\/image\/\",\"url\":\"https:\/\/ukschool.es\/wp-content\/uploads\/2025\/12\/cropped-logo.png\",\"contentUrl\":\"https:\/\/ukschool.es\/wp-content\/uploads\/2025\/12\/cropped-logo.png\",\"width\":778,\"height\":657,\"caption\":\"UK SCHOOL\"},\"image\":{\"@id\":\"https:\/\/ukschool.es\/#\/schema\/logo\/image\/\"}}]}<\/script>\n<!-- \/ Yoast SEO plugin. -->","yoast_head_json":{"title":"Click-Online - UK SCHOOL","robots":{"index":"index","follow":"follow","max-snippet":"max-snippet:-1","max-image-preview":"max-image-preview:large","max-video-preview":"max-video-preview:-1"},"canonical":"https:\/\/ukschool.es\/index.php\/click-online\/","og_locale":"es_ES","og_type":"article","og_title":"Click-Online - UK SCHOOL","og_description":"Click-Online Tu t\u00edtulo Cambridge, m\u00e1s cerca que nunca \u00bfQu\u00e9 es Click-Online? Click-Online es un curso intensivo 100 % online de [&hellip;]","og_url":"https:\/\/ukschool.es\/index.php\/click-online\/","og_site_name":"UK SCHOOL","article_modified_time":"2026-01-14T10:38:29+00:00","og_image":[{"url":"https:\/\/ukschool.es\/wp-content\/uploads\/2025\/11\/horarios-150x150.png","type":"","width":"","height":""}],"twitter_card":"summary_large_image","twitter_misc":{"Tiempo de lectura":"4 minutos"},"schema":{"@context":"https:\/\/schema.org","@graph":[{"@type":"WebPage","@id":"https:\/\/ukschool.es\/index.php\/click-online\/","url":"https:\/\/ukschool.es\/index.php\/click-online\/","name":"Click-Online - UK SCHOOL","isPartOf":{"@id":"https:\/\/ukschool.es\/#website"},"primaryImageOfPage":{"@id":"https:\/\/ukschool.es\/index.php\/click-online\/#primaryimage"},"image":{"@id":"https:\/\/ukschool.es\/index.php\/click-online\/#primaryimage"},"thumbnailUrl":"https:\/\/ukschool.es\/wp-content\/uploads\/2025\/11\/horarios-150x150.png","datePublished":"2025-10-30T12:41:16+00:00","dateModified":"2026-01-14T10:38:29+00:00","breadcrumb":{"@id":"https:\/\/ukschool.es\/index.php\/click-online\/#breadcrumb"},"inLanguage":"es","potentialAction":[{"@type":"ReadAction","target":["https:\/\/ukschool.es\/index.php\/click-online\/"]}]},{"@type":"ImageObject","inLanguage":"es","@id":"https:\/\/ukschool.es\/index.php\/click-online\/#primaryimage","url":"https:\/\/ukschool.es\/wp-content\/uploads\/2025\/11\/horarios.png","contentUrl":"https:\/\/ukschool.es\/wp-content\/uploads\/2025\/11\/horarios.png","width":222,"height":222},{"@type":"BreadcrumbList","@id":"https:\/\/ukschool.es\/index.php\/click-online\/#breadcrumb","itemListElement":[{"@type":"ListItem","position":1,"name":"Portada","item":"https:\/\/ukschool.es\/"},{"@type":"ListItem","position":2,"name":"Click-Online"}]},{"@type":"WebSite","@id":"https:\/\/ukschool.es\/#website","url":"https:\/\/ukschool.es\/","name":"UK SCHOOL","description":"Academia de ingl\u00e9s en Zaragoza","publisher":{"@id":"https:\/\/ukschool.es\/#organization"},"potentialAction":[{"@type":"SearchAction","target":{"@type":"EntryPoint","urlTemplate":"https:\/\/ukschool.es\/?s={search_term_string}"},"query-input":{"@type":"PropertyValueSpecification","valueRequired":true,"valueName":"search_term_string"}}],"inLanguage":"es"},{"@type":"Organization","@id":"https:\/\/ukschool.es\/#organization","name":"UK SCHOOL","url":"https:\/\/ukschool.es\/","logo":{"@type":"ImageObject","inLanguage":"es","@id":"https:\/\/ukschool.es\/#\/schema\/logo\/image\/","url":"https:\/\/ukschool.es\/wp-content\/uploads\/2025\/12\/cropped-logo.png","contentUrl":"https:\/\/ukschool.es\/wp-content\/uploads\/2025\/12\/cropped-logo.png","width":778,"height":657,"caption":"UK SCHOOL"},"image":{"@id":"https:\/\/ukschool.es\/#\/schema\/logo\/image\/"}}]}},"uagb_featured_image_src":{"full":false,"thumbnail":false,"medium":false,"medium_large":false,"large":false,"1536x1536":false,"2048x2048":false,"woocommerce_thumbnail":false,"woocommerce_single":false,"woocommerce_gallery_thumbnail":false},"uagb_author_info":{"display_name":"admin","author_link":"https:\/\/ukschool.es\/index.php\/author\/desarrollosephor\/"},"uagb_comment_info":0,"uagb_excerpt":"Click-Online Tu t\u00edtulo Cambridge, m\u00e1s cerca que nunca \u00bfQu\u00e9 es Click-Online? Click-Online es un curso intensivo 100 % online de [&hellip;]","publishpress_future_action":{"enabled":false,"date":"2026-04-23 07:07:10","action":"change-status","newStatus":"draft","terms":[],"taxonomy":"","extraData":[]},"publishpress_future_workflow_manual_trigger":{"enabledWorkflows":[]},"_links":{"self":[{"href":"https:\/\/ukschool.es\/index.php\/wp-json\/wp\/v2\/pages\/440","targetHints":{"allow":["GET"]}}],"collection":[{"href":"https:\/\/ukschool.es\/index.php\/wp-json\/wp\/v2\/pages"}],"about":[{"href":"https:\/\/ukschool.es\/index.php\/wp-json\/wp\/v2\/types\/page"}],"author":[{"embeddable":true,"href":"https:\/\/ukschool.es\/index.php\/wp-json\/wp\/v2\/users\/1"}],"replies":[{"embeddable":true,"href":"https:\/\/ukschool.es\/index.php\/wp-json\/wp\/v2\/comments?post=440"}],"version-history":[{"count":40,"href":"https:\/\/ukschool.es\/index.php\/wp-json\/wp\/v2\/pages\/440\/revisions"}],"predecessor-version":[{"id":870,"href":"https:\/\/ukschool.es\/index.php\/wp-json\/wp\/v2\/pages\/440\/revisions\/870"}],"wp:attachment":[{"href":"https:\/\/ukschool.es\/index.php\/wp-json\/wp\/v2\/media?parent=440"}],"curies":[{"name":"wp","href":"https:\/\/api.w.org\/{rel}","templated":true}]}}