{"id":60,"date":"2025-10-02T08:41:01","date_gmt":"2025-10-02T08:41:01","guid":{"rendered":"https:\/\/jobs.sephorconsulting.es\/ukschool\/?page_id=60"},"modified":"2025-12-02T12:30:17","modified_gmt":"2025-12-02T12:30:17","slug":"cursos","status":"publish","type":"page","link":"https:\/\/ukschool.es\/index.php\/cursos\/","title":{"rendered":"Cursos"},"content":{"rendered":"\n<div class=\"wp-block-uagb-container uagb-block-2773d3d6 alignfull uagb-is-root-container\"><div class=\"uagb-container-inner-blocks-wrap\">\n<div class=\"wp-block-uagb-advanced-heading uagb-block-892b0824\"><h1 class=\"uagb-heading-text\">Cursos UK School<\/h1><p class=\"uagb-desc-text\"><strong>Todo lo que necesitas para superar tu examen Cambridge con \u00e9xito<\/strong><\/p><\/div>\n<\/div><\/div>\n\n\n\n<div class=\"wp-block-uagb-container uagb-block-46b8c612 alignfull uagb-is-root-container\"><div class=\"uagb-container-inner-blocks-wrap\">\n<div class=\"wp-block-uagb-container uagb-block-312196c1\">\n<p class=\"has-text-align-center\">En <strong>UK School<\/strong> somos <strong>centro oficial preparador Cambridge<\/strong> y ofrecemos cursos de ingl\u00e9s para todas las edades y niveles, desde <strong>A2 hasta C2<\/strong>. Aprende, mejora o certif\u00edcate con nosotros a tu ritmo, presencial u online, con el acompa\u00f1amiento de profesores expertos y un m\u00e9todo eficaz.<\/p>\n<\/div>\n<\/div><\/div>\n\n\n\n<div class=\"wp-block-uagb-container uagb-block-45c68663 alignfull uagb-is-root-container\"><div class=\"uagb-container-inner-blocks-wrap\">\n<div class=\"wp-block-uagb-advanced-heading uagb-block-3485ced5\"><h2 class=\"uagb-heading-text\">Cursos de ingl\u00e9s<\/h2><p class=\"uagb-desc-text\">Para todas las edades y niveles. Encuentra el que m\u00e1s se adapta a ti. <\/p><\/div>\n<\/div><\/div>\n\n\n\n<div class=\"wp-block-uagb-container uagb-block-f9116c26 alignfull uagb-is-root-container\"><div class=\"uagb-container-inner-blocks-wrap\">\n<div class=\"wp-block-uagb-container uagb-block-56c6ca7e\">\n<div class=\"wp-block-uagb-container uagb-block-dc36c418\">\n<div class=\"wp-block-uagb-advanced-heading uagb-block-ab2cca5b\"><h3 class=\"uagb-heading-text\">Official Cambridge Preparation Courses<\/h3><\/div>\n<\/div>\n\n\n\n<div class=\"wp-block-uagb-info-box uagb-block-cfb7c74f uagb-infobox__content-wrap  uagb-infobox-icon-above-title uagb-infobox-image-valign-top\"><div class=\"uagb-ifb-content\"><div class=\"uagb-ifb-title-wrap\"><\/div><p class=\"uagb-ifb-desc\">En UK School preparamos todos los niveles oficiales de Cambridge: <strong>A2 Key, B1 Preliminary, B2 First, C1 Advanced y C2 Proficiency<\/strong>.<br><br>Nuestras clases se centran en la <strong>comunicaci\u00f3n real<\/strong>, la comprensi\u00f3n auditiva y el dominio de las destrezas necesarias para superar cada examen con confianza.<\/p><\/div><\/div>\n<\/div>\n\n\n\n<div class=\"wp-block-uagb-container uagb-block-29879bca\">\n<div class=\"wp-block-uagb-container uagb-block-f618ec6c\">\n<div class=\"wp-block-uagb-advanced-heading uagb-block-169939b3\"><h3 class=\"uagb-heading-text\">English for Kids<\/h3><\/div>\n<\/div>\n\n\n\n<div class=\"wp-block-uagb-info-box uagb-block-9b895a1d uagb-infobox__content-wrap  uagb-infobox-icon-above-title uagb-infobox-image-valign-top\"><div class=\"uagb-ifb-content\"><div class=\"uagb-ifb-title-wrap\"><\/div><p class=\"uagb-ifb-desc\">Dise\u00f1ados para acompa\u00f1ar a los ni\u00f1os desde <strong>1\u00ba hasta 6\u00ba de Primaria<\/strong>, adaptando el aprendizaje a su edad y nivel. A partir de ah\u00ed, los alumnos se agrupan seg\u00fan el <strong>nivel adquirido<\/strong>, garantizando una progresi\u00f3n natural y motivadora.<br><br>Adem\u00e1s, contamos con <strong>clases para ni\u00f1os de 3 a 6 a\u00f1os<\/strong>, todos los <strong>martes de 17:30 a 19:00<\/strong> en nuestro centro de <strong>Plaza Mozart<\/strong>.<\/p><\/div><\/div>\n<\/div>\n\n\n\n<div class=\"wp-block-uagb-container uagb-block-29091e04\">\n<div class=\"wp-block-uagb-container uagb-block-f81a259a\">\n<div class=\"wp-block-uagb-advanced-heading uagb-block-253e29d6\"><h3 class=\"uagb-heading-text\">Intensive Courses<\/h3><\/div>\n<\/div>\n\n\n\n<div class=\"wp-block-uagb-info-box uagb-block-83d9f498 uagb-infobox__content-wrap  uagb-infobox-icon-above-title uagb-infobox-image-valign-top\"><div class=\"uagb-ifb-content\"><div class=\"uagb-ifb-title-wrap\"><\/div><p class=\"uagb-ifb-desc\"><strong>Cursos intensivos presenciales durante todo el curso escolar<\/strong> y tambi\u00e9n <strong>en los meses de verano<\/strong>, ideales para quienes desean avanzar r\u00e1pidamente o preparar un examen Cambridge en menos tiempo.<br><br>Ritmo acelerado y resultado en semanas. <br><\/p><\/div><\/div>\n<\/div>\n\n\n\n<div class=\"wp-block-uagb-container uagb-block-7a5cb740\">\n<div class=\"wp-block-uagb-container uagb-block-1821dede\">\n<div class=\"wp-block-uagb-advanced-heading uagb-block-56d9c271\"><h3 class=\"uagb-heading-text\">PAU English Preparation<\/h3><\/div>\n<\/div>\n\n\n\n<div class=\"wp-block-uagb-info-box uagb-block-312aa39e uagb-infobox__content-wrap  uagb-infobox-icon-above-title uagb-infobox-image-valign-top\"><div class=\"uagb-ifb-content\"><div class=\"uagb-ifb-title-wrap\"><\/div><p class=\"uagb-ifb-desc\">Nuestras escuelas cuentan con cursos especializados de <strong>preparaci\u00f3n para la prueba de ingl\u00e9s PAU<\/strong>, enfocados en reforzar la gram\u00e1tica, comprensi\u00f3n y expresi\u00f3n escrita necesarias para obtener la mejor nota posible.<\/p><\/div><\/div>\n<\/div>\n<\/div><\/div>\n\n\n\n<div class=\"wp-block-uagb-container uagb-block-f6e8e477 alignfull uagb-is-root-container\"><div class=\"uagb-container-inner-blocks-wrap\">\n<div class=\"wp-block-uagb-buttons uagb-buttons__outer-wrap uagb-btn__default-btn uagb-btn-tablet__default-btn uagb-btn-mobile__default-btn uagb-block-da454758\"><div class=\"uagb-buttons__wrap uagb-buttons-layout-wrap \">\n<div class=\"wp-block-uagb-buttons-child uagb-buttons__outer-wrap uagb-block-bdcd5c06 wp-block-button\"><div class=\"uagb-button__wrapper\"><a class=\"uagb-buttons-repeater wp-block-button__link\" aria-label=\"\" href=\"https:\/\/ukschool.es\/index.php\/contacto\/\" rel=\"follow noopener\" target=\"_self\" role=\"button\"><div class=\"uagb-button__link\">Haz tu prueba de nivel gratuita<\/div><\/a><\/div><\/div>\n<\/div><\/div>\n<\/div><\/div>\n\n\n\n<div class=\"wp-block-uagb-container uagb-block-d8707174 alignfull uagb-is-root-container\"><div class=\"uagb-container-inner-blocks-wrap\">\n<div class=\"wp-block-uagb-image uagb-block-0b86db16 wp-block-uagb-image--layout-default wp-block-uagb-image--effect-static wp-block-uagb-image--align-none\"><figure class=\"wp-block-uagb-image__figure\"><img decoding=\"async\" srcset=\"https:\/\/ukschool.es\/wp-content\/uploads\/2025\/10\/Anadir-un-titulo-2.png ,https:\/\/ukschool.es\/wp-content\/uploads\/2025\/10\/Anadir-un-titulo-2.png 780w, https:\/\/ukschool.es\/wp-content\/uploads\/2025\/10\/Anadir-un-titulo-2.png 360w\" sizes=\"auto, (max-width: 480px) 150px\" src=\"https:\/\/ukschool.es\/wp-content\/uploads\/2025\/10\/Anadir-un-titulo-2.png\" alt=\"\" class=\"uag-image-386\" width=\"830\" height=\"218\" title=\"A\u00f1adir un t\u00edtulo (2)\" loading=\"lazy\" role=\"img\"\/><\/figure><\/div>\n<\/div><\/div>\n\n\n\n<div class=\"wp-block-uagb-container uagb-block-db018f98 alignfull uagb-is-root-container\"><div class=\"uagb-container-inner-blocks-wrap\">\n<div class=\"wp-block-uagb-container uagb-block-6589107c\">\n<div class=\"wp-block-uagb-info-box uagb-block-0093e280 uagb-infobox__content-wrap  uagb-infobox-icon-above-title uagb-infobox-image-valign-top\"><div class=\"uagb-ifb-content\"><div class=\"uagb-ifb-image-content\"><img decoding=\"async\" src=\"https:\/\/ukschool.es\/wp-content\/uploads\/2025\/11\/libros-150x150.png\" alt=\"\" width=\"\" height=\"0\" loading=\"lazy\"\/><\/div><div class=\"uagb-ifb-title-wrap\"><h3 class=\"uagb-ifb-title\">Material oficial Cambridge<\/h3><\/div><\/div><\/div>\n<\/div>\n\n\n\n<div class=\"wp-block-uagb-container uagb-block-c794f71c\">\n<div class=\"wp-block-uagb-info-box uagb-block-5e099972 uagb-infobox__content-wrap  uagb-infobox-icon-above-title uagb-infobox-image-valign-top\"><div class=\"uagb-ifb-content\"><div class=\"uagb-ifb-image-content\"><img decoding=\"async\" src=\"https:\/\/ukschool.es\/wp-content\/uploads\/2025\/11\/ingles-150x150.png\" alt=\"\" width=\"\" height=\"0\" loading=\"lazy\"\/><\/div><div class=\"uagb-ifb-title-wrap\"><h3 class=\"uagb-ifb-title\">Profesores nativos<\/h3><\/div><\/div><\/div>\n<\/div>\n\n\n\n<div class=\"wp-block-uagb-container uagb-block-c41b6555\">\n<div class=\"wp-block-uagb-info-box uagb-block-fec52ed6 uagb-infobox__content-wrap  uagb-infobox-icon-above-title uagb-infobox-image-valign-top\"><div class=\"uagb-ifb-content\"><div class=\"uagb-ifb-image-content\"><img decoding=\"async\" src=\"https:\/\/ukschool.es\/wp-content\/uploads\/2025\/11\/conversacion-150x150.png\" alt=\"\" width=\"\" height=\"0\" loading=\"lazy\"\/><\/div><div class=\"uagb-ifb-title-wrap\"><h3 class=\"uagb-ifb-title\">Enfoque pr\u00e1ctico y comunicativo<\/h3><\/div><\/div><\/div>\n<\/div>\n\n\n\n<div class=\"wp-block-uagb-container uagb-block-374081f1\">\n<div class=\"wp-block-uagb-info-box uagb-block-58c37700 uagb-infobox__content-wrap  uagb-infobox-icon-above-title uagb-infobox-image-valign-top\"><div class=\"uagb-ifb-content\"><div class=\"uagb-ifb-image-content\"><img decoding=\"async\" src=\"https:\/\/ukschool.es\/wp-content\/uploads\/2025\/11\/horarios-150x150.png\" alt=\"\" width=\"\" height=\"0\" loading=\"lazy\"\/><\/div><div class=\"uagb-ifb-title-wrap\"><h3 class=\"uagb-ifb-title\">3 Horas semanales<\/h3><\/div><\/div><\/div>\n<\/div>\n<\/div><\/div>\n\n\n\n<div class=\"wp-block-uagb-container uagb-block-7c6040e8 alignfull uagb-is-root-container\"><div class=\"uagb-container-inner-blocks-wrap\">\n<div class=\"wp-block-uagb-container uagb-block-6bbcb879\">\n<div class=\"wp-block-uagb-image uagb-block-42a91494 wp-block-uagb-image--layout-default wp-block-uagb-image--effect-static wp-block-uagb-image--align-none\"><figure class=\"wp-block-uagb-image__figure\"><img decoding=\"async\" srcset=\"https:\/\/ukschool.es\/wp-content\/uploads\/2025\/10\/clases-online-2.png ,https:\/\/ukschool.es\/wp-content\/uploads\/2025\/10\/clases-online-2.png 780w, https:\/\/ukschool.es\/wp-content\/uploads\/2025\/10\/clases-online-2.png 360w\" sizes=\"auto, (max-width: 480px) 150px\" src=\"https:\/\/ukschool.es\/wp-content\/uploads\/2025\/10\/clases-online-2.png\" alt=\"\" class=\"uag-image-480\" width=\"687\" height=\"586\" title=\"clases online (2)\" loading=\"lazy\" role=\"img\"\/><\/figure><\/div>\n<\/div>\n\n\n\n<div class=\"wp-block-uagb-container uagb-block-59e34673\">\n<div class=\"wp-block-uagb-advanced-heading uagb-block-fd72e0e9\"><h2 class=\"uagb-heading-text\">Click-Online<\/h2><p class=\"uagb-desc-text\"><strong>Aprende desde casa<\/strong><\/p><\/div>\n\n\n\n<p class=\"has-ast-global-color-5-color has-text-color has-link-color wp-elements-e650ebe551d17987bdfb40a4890887b3\"><strong>Click-Online<\/strong> es nuestro curso online intensivo de 160h, pensado para <strong>opositores, universitarios y cualquier persona que quiera preparar su t\u00edtulo Cambridge desde casa<\/strong>.<\/p>\n\n\n\n<p class=\"has-ast-global-color-5-color has-text-color has-link-color wp-elements-07fcb1f2083ac8013d574603496e123f\">Una oportinidad que no te puedes perder.<\/p>\n\n\n\n<div class=\"wp-block-uagb-buttons uagb-buttons__outer-wrap uagb-btn__default-btn uagb-btn-tablet__default-btn uagb-btn-mobile__default-btn uagb-block-f8d2d52c\"><div class=\"uagb-buttons__wrap uagb-buttons-layout-wrap \">\n<div class=\"wp-block-uagb-buttons-child uagb-buttons__outer-wrap uagb-block-0f5ce280 wp-block-button\"><div class=\"uagb-button__wrapper\"><a class=\"uagb-buttons-repeater wp-block-button__link\" aria-label=\"\" href=\"https:\/\/ukschool.es\/index.php\/click-online\/\" rel=\"follow noopener\" target=\"_self\" role=\"button\"><div class=\"uagb-button__link\">Descubre Click-Online<\/div><\/a><\/div><\/div>\n<\/div><\/div>\n<\/div>\n<\/div><\/div>\n\n\n\n<div class=\"wp-block-uagb-container uagb-block-4233ce04 alignfull uagb-is-root-container\"><div class=\"uagb-container-inner-blocks-wrap\">\n<div class=\"wp-block-uagb-advanced-heading uagb-block-e293c21a\"><h2 class=\"uagb-heading-text\">Haz tu prueba de nivel gratuita<\/h2><\/div>\n\n\n\n<p class=\"has-text-align-center has-ast-global-color-5-color has-text-color has-link-color wp-elements-c52d741cc795226fc427368756bad45b\">Antes de inscribirte, realizamos una <strong>prueba de nivel sin coste<\/strong> para orientarte y aconsejarte sobre el curso m\u00e1s adecuado a tus necesidades.<br>As\u00ed aseguramos que empieces exactamente donde debes estar.<\/p>\n\n\n\n<div class=\"wp-block-uagb-buttons uagb-buttons__outer-wrap uagb-btn__default-btn uagb-btn-tablet__default-btn uagb-btn-mobile__default-btn uagb-block-5c151533\"><div class=\"uagb-buttons__wrap uagb-buttons-layout-wrap \">\n<div class=\"wp-block-uagb-buttons-child uagb-buttons__outer-wrap uagb-block-7d9e95e8 wp-block-button\"><div class=\"uagb-button__wrapper\"><a class=\"uagb-buttons-repeater wp-block-button__link\" aria-label=\"\" href=\"https:\/\/ukschool.es\/index.php\/contacto\/\" rel=\"follow noopener\" target=\"_self\" role=\"button\"><div class=\"uagb-button__link\">Solicita tu prueba de nivel<\/div><\/a><\/div><\/div>\n<\/div><\/div>\n<\/div><\/div>\n","protected":false},"excerpt":{"rendered":"<p>Cursos UK School Todo lo que necesitas para superar tu examen Cambridge con \u00e9xito En UK School somos centro oficial [&hellip;]<\/p>\n","protected":false},"author":1,"featured_media":0,"parent":0,"menu_order":0,"comment_status":"closed","ping_status":"closed","template":"","meta":{"_uag_custom_page_level_css":"","site-sidebar-layout":"default","site-content-layout":"","ast-site-content-layout":"default","site-content-style":"default","site-sidebar-style":"default","ast-global-header-display":"","ast-banner-title-visibility":"","ast-main-header-display":"","ast-hfb-above-header-display":"","ast-hfb-below-header-display":"","ast-hfb-mobile-header-display":"","site-post-title":"","ast-breadcrumbs-content":"","ast-featured-img":"","footer-sml-layout":"","ast-disable-related-posts":"","theme-transparent-header-meta":"enabled","adv-header-id-meta":"","stick-header-meta":"","header-above-stick-meta":"","header-main-stick-meta":"","header-below-stick-meta":"","astra-migrate-meta-layouts":"default","ast-page-background-enabled":"default","ast-page-background-meta":{"desktop":{"background-color":"var(--ast-global-color-5)","background-image":"","background-repeat":"repeat","background-position":"center center","background-size":"auto","background-attachment":"scroll","background-type":"","background-media":"","overlay-type":"","overlay-color":"","overlay-opacity":"","overlay-gradient":""},"tablet":{"background-color":"","background-image":"","background-repeat":"repeat","background-position":"center center","background-size":"auto","background-attachment":"scroll","background-type":"","background-media":"","overlay-type":"","overlay-color":"","overlay-opacity":"","overlay-gradient":""},"mobile":{"background-color":"","background-image":"","background-repeat":"repeat","background-position":"center center","background-size":"auto","background-attachment":"scroll","background-type":"","background-media":"","overlay-type":"","overlay-color":"","overlay-opacity":"","overlay-gradient":""}},"ast-content-background-meta":{"desktop":{"background-color":"var(--ast-global-color-4)","background-image":"","background-repeat":"repeat","background-position":"center center","background-size":"auto","background-attachment":"scroll","background-type":"","background-media":"","overlay-type":"","overlay-color":"","overlay-opacity":"","overlay-gradient":""},"tablet":{"background-color":"var(--ast-global-color-4)","background-image":"","background-repeat":"repeat","background-position":"center center","background-size":"auto","background-attachment":"scroll","background-type":"","background-media":"","overlay-type":"","overlay-color":"","overlay-opacity":"","overlay-gradient":""},"mobile":{"background-color":"var(--ast-global-color-4)","background-image":"","background-repeat":"repeat","background-position":"center center","background-size":"auto","background-attachment":"scroll","background-type":"","background-media":"","overlay-type":"","overlay-color":"","overlay-opacity":"","overlay-gradient":""}},"footnotes":""},"class_list":["post-60","page","type-page","status-publish","hentry"],"yoast_head":"<!-- This site is optimized with the Yoast SEO plugin v26.7 - https:\/\/yoast.com\/wordpress\/plugins\/seo\/ -->\n<title>Cursos - UK SCHOOL<\/title>\n<meta name=\"robots\" content=\"index, follow, max-snippet:-1, max-image-preview:large, max-video-preview:-1\" \/>\n<link rel=\"canonical\" href=\"https:\/\/ukschool.es\/index.php\/cursos\/\" \/>\n<meta property=\"og:locale\" content=\"es_ES\" \/>\n<meta property=\"og:type\" content=\"article\" \/>\n<meta property=\"og:title\" content=\"Cursos - UK SCHOOL\" \/>\n<meta property=\"og:description\" content=\"Cursos UK School Todo lo que necesitas para superar tu examen Cambridge con \u00e9xito En UK School somos centro oficial [&hellip;]\" \/>\n<meta property=\"og:url\" content=\"https:\/\/ukschool.es\/index.php\/cursos\/\" \/>\n<meta property=\"og:site_name\" content=\"UK SCHOOL\" \/>\n<meta property=\"article:modified_time\" content=\"2025-12-02T12:30:17+00:00\" \/>\n<meta property=\"og:image\" content=\"https:\/\/ukschool.es\/wp-content\/uploads\/2025\/10\/Anadir-un-titulo-2.png\" \/>\n<meta name=\"twitter:card\" content=\"summary_large_image\" \/>\n<meta name=\"twitter:label1\" content=\"Tiempo de lectura\" \/>\n\t<meta name=\"twitter:data1\" content=\"3 minutos\" \/>\n<script type=\"application\/ld+json\" class=\"yoast-schema-graph\">{\"@context\":\"https:\/\/schema.org\",\"@graph\":[{\"@type\":\"WebPage\",\"@id\":\"https:\/\/ukschool.es\/index.php\/cursos\/\",\"url\":\"https:\/\/ukschool.es\/index.php\/cursos\/\",\"name\":\"Cursos - UK SCHOOL\",\"isPartOf\":{\"@id\":\"https:\/\/ukschool.es\/#website\"},\"primaryImageOfPage\":{\"@id\":\"https:\/\/ukschool.es\/index.php\/cursos\/#primaryimage\"},\"image\":{\"@id\":\"https:\/\/ukschool.es\/index.php\/cursos\/#primaryimage\"},\"thumbnailUrl\":\"https:\/\/ukschool.es\/wp-content\/uploads\/2025\/10\/Anadir-un-titulo-2.png\",\"datePublished\":\"2025-10-02T08:41:01+00:00\",\"dateModified\":\"2025-12-02T12:30:17+00:00\",\"breadcrumb\":{\"@id\":\"https:\/\/ukschool.es\/index.php\/cursos\/#breadcrumb\"},\"inLanguage\":\"es\",\"potentialAction\":[{\"@type\":\"ReadAction\",\"target\":[\"https:\/\/ukschool.es\/index.php\/cursos\/\"]}]},{\"@type\":\"ImageObject\",\"inLanguage\":\"es\",\"@id\":\"https:\/\/ukschool.es\/index.php\/cursos\/#primaryimage\",\"url\":\"https:\/\/ukschool.es\/wp-content\/uploads\/2025\/10\/Anadir-un-titulo-2.png\",\"contentUrl\":\"https:\/\/ukschool.es\/wp-content\/uploads\/2025\/10\/Anadir-un-titulo-2.png\",\"width\":830,\"height\":218},{\"@type\":\"BreadcrumbList\",\"@id\":\"https:\/\/ukschool.es\/index.php\/cursos\/#breadcrumb\",\"itemListElement\":[{\"@type\":\"ListItem\",\"position\":1,\"name\":\"Portada\",\"item\":\"https:\/\/ukschool.es\/\"},{\"@type\":\"ListItem\",\"position\":2,\"name\":\"Cursos\"}]},{\"@type\":\"WebSite\",\"@id\":\"https:\/\/ukschool.es\/#website\",\"url\":\"https:\/\/ukschool.es\/\",\"name\":\"UK SCHOOL\",\"description\":\"Academia de ingl\u00e9s en Zaragoza\",\"publisher\":{\"@id\":\"https:\/\/ukschool.es\/#organization\"},\"potentialAction\":[{\"@type\":\"SearchAction\",\"target\":{\"@type\":\"EntryPoint\",\"urlTemplate\":\"https:\/\/ukschool.es\/?s={search_term_string}\"},\"query-input\":{\"@type\":\"PropertyValueSpecification\",\"valueRequired\":true,\"valueName\":\"search_term_string\"}}],\"inLanguage\":\"es\"},{\"@type\":\"Organization\",\"@id\":\"https:\/\/ukschool.es\/#organization\",\"name\":\"UK SCHOOL\",\"url\":\"https:\/\/ukschool.es\/\",\"logo\":{\"@type\":\"ImageObject\",\"inLanguage\":\"es\",\"@id\":\"https:\/\/ukschool.es\/#\/schema\/logo\/image\/\",\"url\":\"https:\/\/ukschool.es\/wp-content\/uploads\/2025\/12\/cropped-logo.png\",\"contentUrl\":\"https:\/\/ukschool.es\/wp-content\/uploads\/2025\/12\/cropped-logo.png\",\"width\":778,\"height\":657,\"caption\":\"UK SCHOOL\"},\"image\":{\"@id\":\"https:\/\/ukschool.es\/#\/schema\/logo\/image\/\"}}]}<\/script>\n<!-- \/ Yoast SEO plugin. -->","yoast_head_json":{"title":"Cursos - UK SCHOOL","robots":{"index":"index","follow":"follow","max-snippet":"max-snippet:-1","max-image-preview":"max-image-preview:large","max-video-preview":"max-video-preview:-1"},"canonical":"https:\/\/ukschool.es\/index.php\/cursos\/","og_locale":"es_ES","og_type":"article","og_title":"Cursos - UK SCHOOL","og_description":"Cursos UK School Todo lo que necesitas para superar tu examen Cambridge con \u00e9xito En UK School somos centro oficial [&hellip;]","og_url":"https:\/\/ukschool.es\/index.php\/cursos\/","og_site_name":"UK SCHOOL","article_modified_time":"2025-12-02T12:30:17+00:00","og_image":[{"url":"https:\/\/ukschool.es\/wp-content\/uploads\/2025\/10\/Anadir-un-titulo-2.png","type":"","width":"","height":""}],"twitter_card":"summary_large_image","twitter_misc":{"Tiempo de lectura":"3 minutos"},"schema":{"@context":"https:\/\/schema.org","@graph":[{"@type":"WebPage","@id":"https:\/\/ukschool.es\/index.php\/cursos\/","url":"https:\/\/ukschool.es\/index.php\/cursos\/","name":"Cursos - UK SCHOOL","isPartOf":{"@id":"https:\/\/ukschool.es\/#website"},"primaryImageOfPage":{"@id":"https:\/\/ukschool.es\/index.php\/cursos\/#primaryimage"},"image":{"@id":"https:\/\/ukschool.es\/index.php\/cursos\/#primaryimage"},"thumbnailUrl":"https:\/\/ukschool.es\/wp-content\/uploads\/2025\/10\/Anadir-un-titulo-2.png","datePublished":"2025-10-02T08:41:01+00:00","dateModified":"2025-12-02T12:30:17+00:00","breadcrumb":{"@id":"https:\/\/ukschool.es\/index.php\/cursos\/#breadcrumb"},"inLanguage":"es","potentialAction":[{"@type":"ReadAction","target":["https:\/\/ukschool.es\/index.php\/cursos\/"]}]},{"@type":"ImageObject","inLanguage":"es","@id":"https:\/\/ukschool.es\/index.php\/cursos\/#primaryimage","url":"https:\/\/ukschool.es\/wp-content\/uploads\/2025\/10\/Anadir-un-titulo-2.png","contentUrl":"https:\/\/ukschool.es\/wp-content\/uploads\/2025\/10\/Anadir-un-titulo-2.png","width":830,"height":218},{"@type":"BreadcrumbList","@id":"https:\/\/ukschool.es\/index.php\/cursos\/#breadcrumb","itemListElement":[{"@type":"ListItem","position":1,"name":"Portada","item":"https:\/\/ukschool.es\/"},{"@type":"ListItem","position":2,"name":"Cursos"}]},{"@type":"WebSite","@id":"https:\/\/ukschool.es\/#website","url":"https:\/\/ukschool.es\/","name":"UK SCHOOL","description":"Academia de ingl\u00e9s en Zaragoza","publisher":{"@id":"https:\/\/ukschool.es\/#organization"},"potentialAction":[{"@type":"SearchAction","target":{"@type":"EntryPoint","urlTemplate":"https:\/\/ukschool.es\/?s={search_term_string}"},"query-input":{"@type":"PropertyValueSpecification","valueRequired":true,"valueName":"search_term_string"}}],"inLanguage":"es"},{"@type":"Organization","@id":"https:\/\/ukschool.es\/#organization","name":"UK SCHOOL","url":"https:\/\/ukschool.es\/","logo":{"@type":"ImageObject","inLanguage":"es","@id":"https:\/\/ukschool.es\/#\/schema\/logo\/image\/","url":"https:\/\/ukschool.es\/wp-content\/uploads\/2025\/12\/cropped-logo.png","contentUrl":"https:\/\/ukschool.es\/wp-content\/uploads\/2025\/12\/cropped-logo.png","width":778,"height":657,"caption":"UK SCHOOL"},"image":{"@id":"https:\/\/ukschool.es\/#\/schema\/logo\/image\/"}}]}},"uagb_featured_image_src":{"full":false,"thumbnail":false,"medium":false,"medium_large":false,"large":false,"1536x1536":false,"2048x2048":false,"woocommerce_thumbnail":false,"woocommerce_single":false,"woocommerce_gallery_thumbnail":false},"uagb_author_info":{"display_name":"admin","author_link":"https:\/\/ukschool.es\/index.php\/author\/desarrollosephor\/"},"uagb_comment_info":0,"uagb_excerpt":"Cursos UK School Todo lo que necesitas para superar tu examen Cambridge con \u00e9xito En UK School somos centro oficial [&hellip;]","publishpress_future_action":{"enabled":false,"date":"2026-05-17 11:57:42","action":"change-status","newStatus":"draft","terms":[],"taxonomy":"","extraData":[]},"publishpress_future_workflow_manual_trigger":{"enabledWorkflows":[]},"_links":{"self":[{"href":"https:\/\/ukschool.es\/index.php\/wp-json\/wp\/v2\/pages\/60","targetHints":{"allow":["GET"]}}],"collection":[{"href":"https:\/\/ukschool.es\/index.php\/wp-json\/wp\/v2\/pages"}],"about":[{"href":"https:\/\/ukschool.es\/index.php\/wp-json\/wp\/v2\/types\/page"}],"author":[{"embeddable":true,"href":"https:\/\/ukschool.es\/index.php\/wp-json\/wp\/v2\/users\/1"}],"replies":[{"embeddable":true,"href":"https:\/\/ukschool.es\/index.php\/wp-json\/wp\/v2\/comments?post=60"}],"version-history":[{"count":51,"href":"https:\/\/ukschool.es\/index.php\/wp-json\/wp\/v2\/pages\/60\/revisions"}],"predecessor-version":[{"id":789,"href":"https:\/\/ukschool.es\/index.php\/wp-json\/wp\/v2\/pages\/60\/revisions\/789"}],"wp:attachment":[{"href":"https:\/\/ukschool.es\/index.php\/wp-json\/wp\/v2\/media?parent=60"}],"curies":[{"name":"wp","href":"https:\/\/api.w.org\/{rel}","templated":true}]}}